{"id":204,"date":"2025-07-17T10:14:43","date_gmt":"2025-07-17T08:14:43","guid":{"rendered":"https:\/\/nextbike-live.pluspol-networks.de\/welo\/?page_id=204"},"modified":"2025-09-19T11:14:14","modified_gmt":"2025-09-19T09:14:14","slug":"partner","status":"publish","type":"page","link":"https:\/\/www.welo-bike.de\/de\/partner\/","title":{"rendered":"Partner"},"content":{"rendered":"<div class=\"wpb-content-wrapper\"><p>[vc_row][vc_column][vc_column_text css=&#8220;&#8220;]<\/p>\n<h1 style=\"text-align: center;\">Partner<\/h1>\n<h4 style=\"text-align: center;\"><strong>Alle mit VRS-Chipkarte sowie Studierende der Hochschule Bonn-Rhein-Sieg und Uni Bonn genie\u00dfen Freiminuten<\/strong><\/h4>\n<p>[\/vc_column_text][\/vc_column][\/vc_row][vc_row ppi_row_padding=&#8220;ppi_remove_padding_top&#8220;][vc_column width=&#8220;1\/6&#8243;][vc_icon icon_fontawesome=&#8220;fa fa-solid fa-building-columns&#8220; color=&#8220;custom&#8220; size=&#8220;lg&#8220; css=&#8220;&#8220; custom_color=&#8220;#6D49FE&#8220;][\/vc_column][vc_column width=&#8220;5\/6&#8243;][vc_tta_accordion active_section=&#8220;0&#8243; collapsible_all=&#8220;true&#8220; title=&#8220;Verkn\u00fcpfung&#8220;][vc_tta_section title=&#8220;VRS Chipkarten-Inhaber*innen&#8220; tab_id=&#8220;institutionen7581-60cbc99e-b82d&#8220;][vc_column_text css=&#8220;&#8220;]Verkn\u00fcpfe deine VRS-Chipkarte in der nextbike App. \u00d6ffne das Wallet und w\u00e4hle &#8222;VRS-Chipkarten-Inhaber&#8220; aus und gib deine Chipkartennummer und dein Alter ein. Verifiziere deine Chipkarte nun einmalig, indem du sie zumindest bei der ersten Ausleihe als Ausleihmedium nutzt. Schon radelst du bei dieser und folgenden Ausleihen 30 Minuten kostenlos.<\/p>\n<p class=\"m_-651515821352470658MsoListParagraph\"><strong>Du hast eine\u00a0neue Chipkarte bekommen?<u><\/u><u><\/u><\/strong><\/p>\n<p>L\u00f6sche im Wallet deiner nextbike App deine bestehende Verkn\u00fcpfung und wiederhole den Verkn\u00fcpfungsprozess mit deiner neuen Chipkarte. Dann f\u00fcr die n\u00e4chste Ausleihe die neue Chipkarte nutzen und diese an den Sensor am Hinterrad halten, um die neue Karte mit dem Kundenkonto zu verkn\u00fcpfen.<u><\/u><u><\/u>[\/vc_column_text][\/vc_tta_section][vc_tta_section title=&#8220;Studierende&#8220; tab_id=&#8220;1752740136197-78f7e159-b4b8&#8243;][vc_column_text css=&#8220;&#8220;]Registriere dich per App oder Webseite mit deiner Hochschul-E-Mail-Adresse. An die E-Mail-Adresse wird ein Best\u00e4tigungslink gesendet, die Freischaltung erfolgt nach der Verifizierung automatisch.<\/p>\n<p>Du bist bereits bei nextbike registriert, aber nicht mit deiner Hochschul-E-Mail-Adresse? Hinterlege deine Hochschul-E-Mail-Adresse in deinem Kundenkonto und best\u00e4tige den an diese Adresse gesendeten Link.[\/vc_column_text][\/vc_tta_section][\/vc_tta_accordion][\/vc_column][\/vc_row][vc_row ppi_row_padding=&#8220;ppi_remove_padding_top&#8220;][vc_column width=&#8220;1\/6&#8243;][vc_icon icon_fontawesome=&#8220;fa fa-solid fa-tags&#8220; color=&#8220;custom&#8220; size=&#8220;lg&#8220; css=&#8220;&#8220; custom_color=&#8220;#6D49FE&#8220;][\/vc_column][vc_column width=&#8220;5\/6&#8243;][vc_tta_accordion active_section=&#8220;0&#8243; collapsible_all=&#8220;true&#8220; title=&#8220;Konditionen&#8220;][vc_tta_section title=&#8220;VRS-Chipkarten Inhaber*innen&#8220; tab_id=&#8220;institutionen1bd3-bd61c99e-b82d&#8220;][vc_column_text css=&#8220;&#8220;]&#8230; genie\u00dfen Verg\u00fcnstigungen bei Welo, <a href=\"https:\/\/www.nextbike.de\/bergisches-ebike\/\" target=\"_blank\" rel=\"noopener noreferrer\">Bergisches e-Bike<\/a>, <a href=\"https:\/\/www.kvb-rad.de\/\" target=\"_blank\" rel=\"noopener noreferrer\">KVB-Rad K\u00f6ln<\/a>, <a href=\"https:\/\/www.wupsirad.de\/leverkusen\/\" target=\"_blank\" rel=\"noopener noreferrer\">wupsiRad Leverkusen<\/a>\u00a0und\u00a0<a href=\"https:\/\/www.nextbike.de\/eifel-ebike\/\" target=\"_blank\" rel=\"noopener noreferrer\">Eifel e-Bike<\/a>.<\/p>\n<p>Jede Ausleihe in diesen Systemen ist verg\u00fcnstigt. Die anfallenden VRS-Basistarife f\u00fcr Welo findet ihr unter <a href=\"https:\/\/www.welo-bike.de\/de\/#tarife\">Tarife<\/a>. Die anfallenden Basistarife der anderen Systeme findet ihr \u00fcber die entsprechenden Websites.[\/vc_column_text][\/vc_tta_section][vc_tta_section title=&#8220;Studierende&#8220; tab_id=&#8220;1752740172664-61993804-39ba&#8220;][vc_column_text css=&#8220;&#8220;]&#8230; genie\u00dfen Verg\u00fcnstigungen bei welo.<\/p>\n<p>Bei jeder Ausleihe in diesem System sind die ersten 30 Minuten inklusive. Bei \u00dcberschreitung der Freiminuten kosten weitere 15 Minuten je 1 \u20ac. F\u00fcr 24 Stunden fallen maximal 9 \u20ac an. Eventuelle R\u00fcckgabe-Aufpreise fallen unabh\u00e4ngig von den Freiminuten an. Bei mehreren parallelen Ausleihen gilt die Verg\u00fcnstigung nur f\u00fcr das erste Rad. Weitere R\u00e4der werden im lokalen Basistarif abgerechnet.[\/vc_column_text][\/vc_tta_section][\/vc_tta_accordion][\/vc_column][\/vc_row][vc_row ppi_row_padding=&#8220;ppi_remove_padding_top&#8220;][vc_column width=&#8220;1\/6&#8243;][vc_icon icon_fontawesome=&#8220;fa fa-solid fa-clock&#8220; color=&#8220;custom&#8220; size=&#8220;lg&#8220; css=&#8220;&#8220; custom_color=&#8220;#6D49FE&#8220;][\/vc_column][vc_column width=&#8220;5\/6&#8243;][vc_tta_accordion active_section=&#8220;0&#8243; collapsible_all=&#8220;true&#8220; title=&#8220;G\u00fcltigkeit&#8220;][vc_tta_section title=&#8220;Wie lange gelten die Sonderkonditionen?&#8220; tab_id=&#8220;1698314622760-9dd67ea5-c2fbc99e-b82d&#8220;][vc_column_text]<\/p>\n<div class=\"col-xs-12 col-sm-12 col-md-4 small-padding-md\">\n<div class=\"row\">\n<div class=\"col-xs-12 col-sm-12 text-center\">\n<p style=\"text-align: left;\">Die Verg\u00fcnstigungen gelten f\u00fcr alle VRS-Chipkarten-Inhaber*innen ab dem Alter von 16 Jahren.<\/p>\n<\/div>\n<\/div>\n<\/div>\n<div class=\"col-xs-12 col-sm-12 col-md-4 small-padding-md\">\n<div class=\"row\">\n<div class=\"col-xs-12 col-sm-12 text-center\">\n<p style=\"text-align: left;\">Neue VRS-Chipkarte erhalten? Bitte hinterlege die aktuelle Karte erneut in deinem Kundenkonto, um weiterhin von den Sonderkonditionen zu profitieren.<\/p>\n<\/div>\n<\/div>\n<\/div>\n<p>[\/vc_column_text][\/vc_tta_section][\/vc_tta_accordion][\/vc_column][\/vc_row]<\/p>\n<\/div>","protected":false},"excerpt":{"rendered":"<p>[vc_row][vc_column][vc_column_text css=&#8220;&#8220;] Partner Alle mit VRS-Chipkarte sowie Studierende der Hochschule Bonn-Rhein-Sieg und Uni Bonn genie\u00dfen Freiminuten [\/vc_column_text][\/vc_column][\/vc_row][vc_row ppi_row_padding=&#8220;ppi_remove_padding_top&#8220;][vc_column width=&#8220;1\/6&#8243;][vc_icon icon_fontawesome=&#8220;fa fa-solid fa-building-columns&#8220; color=&#8220;custom&#8220; size=&#8220;lg&#8220; css=&#8220;&#8220; custom_color=&#8220;#6D49FE&#8220;][\/vc_column][vc_column width=&#8220;5\/6&#8243;][vc_tta_accordion active_section=&#8220;0&#8243; collapsible_all=&#8220;true&#8220; title=&#8220;Verkn\u00fcpfung&#8220;][vc_tta_section title=&#8220;VRS Chipkarten-Inhaber*innen&#8220; tab_id=&#8220;institutionen7581-60cbc99e-b82d&#8220;][vc_column_text css=&#8220;&#8220;]Verkn\u00fcpfe deine VRS-Chipkarte in der nextbike App. \u00d6ffne das Wallet und w\u00e4hle &#8222;VRS-Chipkarten-Inhaber&#8220; aus und gib deine Chipkartennummer und dein Alter ein. [&hellip;]<\/p>\n","protected":false},"author":13,"featured_media":0,"parent":0,"menu_order":0,"comment_status":"closed","ping_status":"closed","template":"page-bubble.php","meta":{"_acf_changed":false,"inline_featured_image":false,"footnotes":""},"class_list":["post-204","page","type-page","status-publish","hentry"],"acf":[],"yoast_head":"<!-- This site is optimized with the Yoast SEO plugin v27.2 - https:\/\/yoast.com\/product\/yoast-seo-wordpress\/ -->\n<title>Kooperationspartner<\/title>\n<meta name=\"description\" content=\"Alle mit VRS-Chipkarte sowie Studierenden der Hochschule Bonn-Rhein-Sieg sowie der Uni Bonn genie\u00dfen Freiminuten\" \/>\n<meta name=\"robots\" content=\"index, follow, max-snippet:-1, max-image-preview:large, max-video-preview:-1\" \/>\n<link rel=\"canonical\" href=\"https:\/\/www.welo-bike.de\/de\/partner\/\" \/>\n<meta property=\"og:locale\" content=\"de_DE\" \/>\n<meta property=\"og:type\" content=\"article\" \/>\n<meta property=\"og:title\" content=\"Kooperationspartner\" \/>\n<meta property=\"og:description\" content=\"Alle mit VRS-Chipkarte sowie Studierenden der Hochschule Bonn-Rhein-Sieg sowie der Uni Bonn genie\u00dfen Freiminuten\" \/>\n<meta property=\"og:url\" content=\"https:\/\/www.welo-bike.de\/de\/partner\/\" \/>\n<meta property=\"og:site_name\" content=\"Welo\" \/>\n<meta property=\"article:modified_time\" content=\"2025-09-19T09:14:14+00:00\" \/>\n<meta name=\"twitter:card\" content=\"summary_large_image\" \/>\n<meta name=\"twitter:label1\" content=\"Gesch\u00e4tzte Lesezeit\" \/>\n\t<meta name=\"twitter:data1\" content=\"2\u00a0Minuten\" \/>\n<script type=\"application\/ld+json\" class=\"yoast-schema-graph\">{\"@context\":\"https:\/\/schema.org\",\"@graph\":[{\"@type\":\"WebPage\",\"@id\":\"https:\/\/www.welo-bike.de\/de\/partner\/\",\"url\":\"https:\/\/www.welo-bike.de\/de\/partner\/\",\"name\":\"Kooperationspartner\",\"isPartOf\":{\"@id\":\"https:\/\/www.welo-bike.de\/de\/#website\"},\"datePublished\":\"2025-07-17T08:14:43+00:00\",\"dateModified\":\"2025-09-19T09:14:14+00:00\",\"description\":\"Alle mit VRS-Chipkarte sowie Studierenden der Hochschule Bonn-Rhein-Sieg sowie der Uni Bonn genie\u00dfen Freiminuten\",\"breadcrumb\":{\"@id\":\"https:\/\/www.welo-bike.de\/de\/partner\/#breadcrumb\"},\"inLanguage\":\"de\",\"potentialAction\":[{\"@type\":\"ReadAction\",\"target\":[\"https:\/\/www.welo-bike.de\/de\/partner\/\"]}]},{\"@type\":\"BreadcrumbList\",\"@id\":\"https:\/\/www.welo-bike.de\/de\/partner\/#breadcrumb\",\"itemListElement\":[{\"@type\":\"ListItem\",\"position\":1,\"name\":\"Startseite\",\"item\":\"https:\/\/www.welo-bike.de\/de\/\"},{\"@type\":\"ListItem\",\"position\":2,\"name\":\"Partner\"}]},{\"@type\":\"WebSite\",\"@id\":\"https:\/\/www.welo-bike.de\/de\/#website\",\"url\":\"https:\/\/www.welo-bike.de\/de\/\",\"name\":\"Welo\",\"description\":\"Bike Sharing by nextbike\",\"potentialAction\":[{\"@type\":\"SearchAction\",\"target\":{\"@type\":\"EntryPoint\",\"urlTemplate\":\"https:\/\/www.welo-bike.de\/de\/?s={search_term_string}\"},\"query-input\":{\"@type\":\"PropertyValueSpecification\",\"valueRequired\":true,\"valueName\":\"search_term_string\"}}],\"inLanguage\":\"de\"}]}<\/script>\n<!-- \/ Yoast SEO plugin. -->","yoast_head_json":{"title":"Kooperationspartner","description":"Alle mit VRS-Chipkarte sowie Studierenden der Hochschule Bonn-Rhein-Sieg sowie der Uni Bonn genie\u00dfen Freiminuten","robots":{"index":"index","follow":"follow","max-snippet":"max-snippet:-1","max-image-preview":"max-image-preview:large","max-video-preview":"max-video-preview:-1"},"canonical":"https:\/\/www.welo-bike.de\/de\/partner\/","og_locale":"de_DE","og_type":"article","og_title":"Kooperationspartner","og_description":"Alle mit VRS-Chipkarte sowie Studierenden der Hochschule Bonn-Rhein-Sieg sowie der Uni Bonn genie\u00dfen Freiminuten","og_url":"https:\/\/www.welo-bike.de\/de\/partner\/","og_site_name":"Welo","article_modified_time":"2025-09-19T09:14:14+00:00","twitter_card":"summary_large_image","twitter_misc":{"Gesch\u00e4tzte Lesezeit":"2\u00a0Minuten"},"schema":{"@context":"https:\/\/schema.org","@graph":[{"@type":"WebPage","@id":"https:\/\/www.welo-bike.de\/de\/partner\/","url":"https:\/\/www.welo-bike.de\/de\/partner\/","name":"Kooperationspartner","isPartOf":{"@id":"https:\/\/www.welo-bike.de\/de\/#website"},"datePublished":"2025-07-17T08:14:43+00:00","dateModified":"2025-09-19T09:14:14+00:00","description":"Alle mit VRS-Chipkarte sowie Studierenden der Hochschule Bonn-Rhein-Sieg sowie der Uni Bonn genie\u00dfen Freiminuten","breadcrumb":{"@id":"https:\/\/www.welo-bike.de\/de\/partner\/#breadcrumb"},"inLanguage":"de","potentialAction":[{"@type":"ReadAction","target":["https:\/\/www.welo-bike.de\/de\/partner\/"]}]},{"@type":"BreadcrumbList","@id":"https:\/\/www.welo-bike.de\/de\/partner\/#breadcrumb","itemListElement":[{"@type":"ListItem","position":1,"name":"Startseite","item":"https:\/\/www.welo-bike.de\/de\/"},{"@type":"ListItem","position":2,"name":"Partner"}]},{"@type":"WebSite","@id":"https:\/\/www.welo-bike.de\/de\/#website","url":"https:\/\/www.welo-bike.de\/de\/","name":"Welo","description":"Bike Sharing by nextbike","potentialAction":[{"@type":"SearchAction","target":{"@type":"EntryPoint","urlTemplate":"https:\/\/www.welo-bike.de\/de\/?s={search_term_string}"},"query-input":{"@type":"PropertyValueSpecification","valueRequired":true,"valueName":"search_term_string"}}],"inLanguage":"de"}]}},"_links":{"self":[{"href":"https:\/\/www.welo-bike.de\/de\/wp-json\/wp\/v2\/pages\/204","targetHints":{"allow":["GET"]}}],"collection":[{"href":"https:\/\/www.welo-bike.de\/de\/wp-json\/wp\/v2\/pages"}],"about":[{"href":"https:\/\/www.welo-bike.de\/de\/wp-json\/wp\/v2\/types\/page"}],"author":[{"embeddable":true,"href":"https:\/\/www.welo-bike.de\/de\/wp-json\/wp\/v2\/users\/13"}],"replies":[{"embeddable":true,"href":"https:\/\/www.welo-bike.de\/de\/wp-json\/wp\/v2\/comments?post=204"}],"version-history":[{"count":14,"href":"https:\/\/www.welo-bike.de\/de\/wp-json\/wp\/v2\/pages\/204\/revisions"}],"predecessor-version":[{"id":240,"href":"https:\/\/www.welo-bike.de\/de\/wp-json\/wp\/v2\/pages\/204\/revisions\/240"}],"wp:attachment":[{"href":"https:\/\/www.welo-bike.de\/de\/wp-json\/wp\/v2\/media?parent=204"}],"curies":[{"name":"wp","href":"https:\/\/api.w.org\/{rel}","templated":true}]}}